{"id":66,"date":"2019-07-25T12:22:15","date_gmt":"2019-07-25T12:22:15","guid":{"rendered":"https:\/\/wp.authentische-thaimassage.de\/?page_id=66"},"modified":"2022-11-19T14:28:40","modified_gmt":"2022-11-19T13:28:40","slug":"impressum","status":"publish","type":"page","link":"https:\/\/www.authentische-thaimassage.de\/?page_id=66","title":{"rendered":"Impressum"},"content":{"rendered":"<div id=\"pl-66\"  class=\"panel-layout\" ><div id=\"pg-66-0\"  class=\"panel-grid panel-no-style\" ><div id=\"pgc-66-0-0\"  class=\"panel-grid-cell\" ><div id=\"panel-66-0-0-0\" class=\"so-panel widget widget_sow-image panel-first-child panel-last-child\" data-index=\"0\" ><div\n\t\t\t\n\t\t\tclass=\"so-widget-sow-image so-widget-sow-image-default-113ccd71f3e6-66\"\n\t\t\t\n\t\t>\n<div class=\"sow-image-container\">\n\t\t<img \n\tsrc=\"https:\/\/www.authentische-thaimassage.de\/wp-content\/uploads\/2019\/07\/204970_R_K_by_rolando64_pixelio.de_.jpg\" width=\"1944\" height=\"2592\" srcset=\"https:\/\/www.authentische-thaimassage.de\/wp-content\/uploads\/2019\/07\/204970_R_K_by_rolando64_pixelio.de_.jpg 1944w, https:\/\/www.authentische-thaimassage.de\/wp-content\/uploads\/2019\/07\/204970_R_K_by_rolando64_pixelio.de_-225x300.jpg 225w, https:\/\/www.authentische-thaimassage.de\/wp-content\/uploads\/2019\/07\/204970_R_K_by_rolando64_pixelio.de_-768x1024.jpg 768w\" sizes=\"(max-width: 1944px) 100vw, 1944px\" title=\"204970_R_K_by_rolando64_pixelio.de\" alt=\"\" \t\tclass=\"so-widget-image\"\/>\n\t<\/div>\n\n<\/div><\/div><\/div><div id=\"pgc-66-0-1\"  class=\"panel-grid-cell\" ><div id=\"panel-66-0-1-0\" class=\"so-panel widget widget_sow-editor panel-first-child panel-last-child\" data-index=\"1\" ><div\n\t\t\t\n\t\t\tclass=\"so-widget-sow-editor so-widget-sow-editor-base\"\n\t\t\t\n\t\t>\n<div class=\"siteorigin-widget-tinymce textwidget\">\n\t<p style=\"text-align: center;\"><strong>Impressum:<br \/>\nTao\u2019s authentische Thaimassagen<\/strong><\/p>\n<p style=\"text-align: center;\"><strong>Somjit \u201eTao\u201c F\u00e4hrmann<br \/>\nHaslau 7<br \/>\nD- 83700 Rottach-Egern<br \/>\nTerminvereinbarungen:<br \/>\nTelefon: +49-(0)160-7135530 \u2022 Telefax: +49-(0)8022-924416<br \/>\nMail: mail @ authentische-thaimassage.de<br \/>\nInternet: https:\/\/www.authentische-thaimassage.de<br \/>\nSteuernummer wird auf Anfrage mitgeteilt. <\/strong><\/p>\n<p style=\"text-align: center;\"><strong>Inhaltlich Verantwortliche gem\u00e4\u00df \u00a7 6 MDStV:<br \/>\nSomjit F\u00e4hrmann<\/strong><\/p>\n<p style=\"text-align: center;\">Haftungshinweis:<br \/>\nTrotz sorgf\u00e4ltiger inhaltlicher Kontrolle \u00fcbernehmen wir keine Haftung<br \/>\nf\u00fcr die Inhalte externer Links. F\u00fcr den Inhalt der verlinkten Seiten sind<br \/>\nausschlie\u00dflich deren Betreiber verantwortlich.<\/p>\n<p style=\"text-align: center;\"><strong>Hier geht es zur <a href=\"https:\/\/www.authentische-thaimassage.de\/?page_id=238\">Datenschutzerkl\u00e4rung<\/a><\/strong><\/p>\n<p style=\"text-align: center;\"><strong>Copyrighthinweis:<br \/>\nAlle Rechte vorbehalten || Alle Angaben ohne Gew\u00e4hr<br \/>\nDie \u00dcbernahme - auch auszugsweise - s\u00e4mtlicher Inhalte dieser Homepage ist rechtlich nicht zul\u00e4ssig und bedarf der ausdr\u00fccklichen, schriftlichen Zustimmung.<br \/>\nDie Bildrechte liegen bei <a href=\"http:\/\/de.fotolia.com\/partner\/202461709\">Fotolia<\/a>, <a href=\"http:\/\/www.pixelio.de\/\">Pixelio<\/a>, <a href=\"http:\/\/www.daten-dia.de\/\">Daten&amp;Dia<\/a><\/strong><\/p>\n<p style=\"text-align: center;\">Diese Website verwendet eine interaktive Karte von Dr. DSGVO. Die Karte wird lokal betrieben.<br \/>\nDiese L\u00f6sung ist datenschutzfreundlich. Beim Aufruf und Betrieb der Karte werden keine personenbezogenen Daten an Dritte weitergegeben.<br \/>\nDar\u00fcber hinaus erheben wir keine anderen personenbezogenen Daten als die f\u00fcr den Zugriff und den Betrieb der Karte technisch notwendigen Daten.<br \/>\nDie Karte verwendet keine Cookies.<\/p>\n<p style=\"text-align: center;\">Die Einbindung der interaktiven Karte wurde realisiert durch ein WordPressplugin von <a href=\"https:\/\/www.praesenzmanufaktur.de\/\" target=\"_blank\" rel=\"noopener\">Gerwin M\u00fcller<\/a> unter seiner tatkr\u00e4ftigen Mithilfe.<\/p>\n<\/div>\n<\/div><\/div><\/div><div id=\"pgc-66-0-2\"  class=\"panel-grid-cell\" ><div id=\"panel-66-0-2-0\" class=\"so-panel widget widget_sow-image panel-first-child panel-last-child\" data-index=\"2\" ><div\n\t\t\t\n\t\t\tclass=\"so-widget-sow-image so-widget-sow-image-default-8b5b6f678277-66\"\n\t\t\t\n\t\t>\n<div class=\"sow-image-container\">\n\t\t<img \n\tsrc=\"https:\/\/www.authentische-thaimassage.de\/wp-content\/uploads\/2019\/07\/235831_R_K_by_Kr\u00fcmel_pixelio.de_.jpg\" width=\"768\" height=\"1024\" srcset=\"https:\/\/www.authentische-thaimassage.de\/wp-content\/uploads\/2019\/07\/235831_R_K_by_Kr\u00fcmel_pixelio.de_.jpg 768w, https:\/\/www.authentische-thaimassage.de\/wp-content\/uploads\/2019\/07\/235831_R_K_by_Kr\u00fcmel_pixelio.de_-225x300.jpg 225w\" sizes=\"(max-width: 768px) 100vw, 768px\" title=\"235831_R_K_by_Kr\u00fcmel_pixelio.de\" alt=\"\" \t\tclass=\"so-widget-image\"\/>\n\t<\/div>\n\n<\/div><\/div><\/div><\/div><\/div>","protected":false},"excerpt":{"rendered":"<p>Impressum: Tao\u2019s authentische Thaimassagen Somjit \u201eTao\u201c F\u00e4hrmann Haslau 7 D- 83700 Rottach-Egern Terminvereinbarungen: Telefon: +49-(0)160-7135530 \u2022 Telefax: +49-(0)8022-924416 Mail: mail @ authentische-thaimassage.de Internet: https:\/\/www.authentische-thaimassage.de Steuernummer wird auf Anfrage mitgeteilt. Inhaltlich Verantwortliche gem\u00e4\u00df \u00a7 6 MDStV: Somjit F\u00e4hrmann Haftungshinweis: Trotz sorgf\u00e4ltiger inhaltlicher Kontrolle \u00fcbernehmen wir keine Haftung f\u00fcr die Inhalte externer Links. F\u00fcr den Inhalt der&hellip;<\/p>\n","protected":false},"author":1,"featured_media":0,"parent":0,"menu_order":0,"comment_status":"closed","ping_status":"closed","template":"","meta":{"footnotes":""},"class_list":["post-66","page","type-page","status-publish","hentry","description-off"],"_links":{"self":[{"href":"https:\/\/www.authentische-thaimassage.de\/index.php?rest_route=\/wp\/v2\/pages\/66","targetHints":{"allow":["GET"]}}],"collection":[{"href":"https:\/\/www.authentische-thaimassage.de\/index.php?rest_route=\/wp\/v2\/pages"}],"about":[{"href":"https:\/\/www.authentische-thaimassage.de\/index.php?rest_route=\/wp\/v2\/types\/page"}],"author":[{"embeddable":true,"href":"https:\/\/www.authentische-thaimassage.de\/index.php?rest_route=\/wp\/v2\/users\/1"}],"replies":[{"embeddable":true,"href":"https:\/\/www.authentische-thaimassage.de\/index.php?rest_route=%2Fwp%2Fv2%2Fcomments&post=66"}],"version-history":[{"count":11,"href":"https:\/\/www.authentische-thaimassage.de\/index.php?rest_route=\/wp\/v2\/pages\/66\/revisions"}],"predecessor-version":[{"id":588,"href":"https:\/\/www.authentische-thaimassage.de\/index.php?rest_route=\/wp\/v2\/pages\/66\/revisions\/588"}],"wp:attachment":[{"href":"https:\/\/www.authentische-thaimassage.de\/index.php?rest_route=%2Fwp%2Fv2%2Fmedia&parent=66"}],"curies":[{"name":"wp","href":"https:\/\/api.w.org\/{rel}","templated":true}]}}